{"id":2,"date":"2020-09-11T00:07:16","date_gmt":"2020-09-10T22:07:16","guid":{"rendered":"http:\/\/lovi-apps.com\/?page_id=2"},"modified":"2020-09-11T00:48:13","modified_gmt":"2020-09-10T22:48:13","slug":"deezs-music-alarm","status":"publish","type":"page","link":"https:\/\/lovi-apps.com\/","title":{"rendered":"Deez&rsquo;s Music Alarm"},"content":{"rendered":"\n<div class=\"wp-block-image\"><figure class=\"aligncenter\"><a href=\"https:\/\/play.google.com\/store\/apps\/details?id=com.loyou.deezalarm\" target=\"_blank\" rel=\"noreferrer noopener\"><img src=\"https:\/\/deezmusicalarm.files.wordpress.com\/2018\/11\/tc3a9lc3a9chargement7009562423763495743.jpg\" alt=\"\" class=\"wp-image-1170\"\/><\/a><\/figure><\/div>\n\n\n\n<p>Vous souhaitez vous r\u00e9veiller avec vos musiques pr\u00e9f\u00e9r\u00e9es ? Vous avez un compte Deezer et vous aimeriez vous r\u00e9veiller avec vos morceaux favoris ? H\u00e9las, pour l&rsquo;instant Deezer ne propose pas de fonction r\u00e9veil&#8230; Mais Deez&rsquo;s Music Alarm existe !<\/p>\n\n\n\n<p>\ud83c\udf05<strong>R\u00c9VEILLEZ-VOUS SELON VOTRE PROPRE PROGRAMME<\/strong><br>Deez&rsquo;s Music Alarm est une application de r\u00e9veil unique qui joue des albums, playlists et morceaux de Deezer en tant que sonnerie de r\u00e9veil. Programmez le moment de votre r\u00e9veil avec ce r\u00e9veil intelligent, cherchez rapidement de la musique dans l&rsquo;immense catalogue de Deezer, et r\u00e9glez la musique choisie en tant que sonnerie d&rsquo;alarme sur votre t\u00e9l\u00e9phone ou votre tablette. Utilisez vos chansons pr\u00e9f\u00e9r\u00e9es de&nbsp;<em>Deezer Music<\/em>&nbsp;en tant qu&rsquo;alarme et d\u00e9marrez vos journ\u00e9es comme jamais auparavant !<\/p>\n\n\n\n<p>\ud83d\udcc5<strong>PROGRAMMEZ ET OUBLIEZ<\/strong><br><strong>Programmez des alarmes \u00e0 r\u00e9p\u00e9tition<\/strong>&nbsp;&#8211; Faites jouer votre alarme tous les lundi, jeudi, vendredi, bref aux jours que vous voulez ! Pas besoin de r\u00e9gler une alarme encore et encore. R\u00e9veillez-vous avec de nouvelles chansons chaque jour, fournies par&nbsp;<em>Deezer Music<\/em>.<\/p>\n\n\n\n<p>\ud83d\udc68\u200d\ud83d\udcbb<strong>FONCTIONNALIT\u00c9S DE<br>DEEZ&rsquo;S MUSIC ALARM<\/strong><\/p>\n\n\n\n<p>\u2714 Cr\u00e9er votre programme de r\u00e9veil<br>\u2714 Ajouter autant d&rsquo;alarmes que vous voulez<br>\u2714 Chercher et trouver facilement n&rsquo;importe quelle chanson sur Deezer<br>\u2714 D\u00e9finir vos chansons pr\u00e9f\u00e9r\u00e9es en tant que sonnerie de r\u00e9veil<br>\u2714Grace \u00e0 l&rsquo;option \u00ab\u00a0Crescendo\u00a0\u00bb, vous pouvez faire en sorte que le son de l&rsquo;alarme augmente progressivement, pour \u00e9viter un r\u00e9veil trop brutal !<br>\u2714 Lire vos playlist de fa\u00e7on al\u00e9atoire pour vous r\u00e9veiller avec une chanson diff\u00e9rente chaque jour<br>\u2714 Activer\/D\u00e9sactiver une alarme avec seulement une touche.<br>\u2714 Alarme de secours en cas d&rsquo;absence de r\u00e9seau !<br>\u2714 R\u00e9veil matin Deezer gratuit<\/p>\n\n\n\n<p><strong>Pas forc\u00e9ment besoin d&rsquo;un compte Deezer !<\/strong><br>En effet, vous n&rsquo;avez pas n\u00e9cessairement d&rsquo;avoir un compte Deezer pour profiter de Deez&rsquo;s Music Alarm. Cependant, sans compte ou avec un compte gratuit, vous n&rsquo;aurez acc\u00e8s qu&rsquo;\u00e0 des extraits de 30 secondes des morceaux que vous choisirez.<\/p>\n\n\n\n<p>\ud83d\ude4b\u200d\u2642\ufe0f<strong>CONSEILS AMICAUX DU D\u00c9VELOPPEUR<\/strong><br>\ud83d\udc49Abonn\u00e9es de Deezer, cr\u00e9ez des Playlists d\u00e9di\u00e9s au r\u00e9veil que vous pourrez ensuite utiliser avec l&rsquo;application Deez&rsquo;s Music Alarm !<br>\ud83d\udc49Apr\u00e8s un red\u00e9marrage qui fait suite \u00e0 une mise \u00e0 jour automatique de votre t\u00e9l\u00e9phone, assurez vous que le t\u00e9l\u00e9phone soit bien d\u00e9verrouill\u00e9 (avec empreinte digitale ou mot de passe&#8230;) si vous voulez que l&rsquo;alarme sonne !<br>\ud83d\udc49Il n&rsquo;est pas possible d&rsquo;avoir acc\u00e8s aux musiques choisies si votre t\u00e9l\u00e9phone n&rsquo;est pas connect\u00e9 \u00e0 Internet. Cependant, vous entendrez vos alarmes m\u00eame si votre t\u00e9l\u00e9phone est en mode silencieux.<\/p>\n\n\n\n<p><strong>Commencez votre journ\u00e9e avec vos chansons pr\u00e9f\u00e9r\u00e9es !<\/strong><\/p>\n\n\n\n<p>P.S : Merci de prendre le temps de laisser un commentaire si vous aimez l&rsquo;application, et n&rsquo;h\u00e9sitez pas \u00e0 me contacter si vous avez des suggestions de nouvelles fonctionnalit\u00e9s ou d&rsquo;am\u00e9liorations.<\/p>\n\n\n\n<p><em>Informations l\u00e9gales :<br>Deez&rsquo;s Music Alarm a \u00e9t\u00e9 cr\u00e9\u00e9 \u00e0 partir du SDK Android officiel de Deezer mais n&rsquo;est pas associ\u00e9 ni certifi\u00e9 par Deezer.<\/em><\/p>\n\n\n\n<div class=\"wp-block-image\"><figure class=\"alignleft\"><img src=\"https:\/\/deezmusicalarm.files.wordpress.com\/2018\/12\/dma-cover.jpg?w=1024\" alt=\"dma-cover\" class=\"wp-image-1178\"\/><\/figure><\/div>\n\n\n\n<div class=\"wp-block-image\"><figure class=\"aligncenter\"><a href=\"https:\/\/play.google.com\/store\/apps\/details?id=com.loyou.deezalarm\" target=\"_blank\" rel=\"noreferrer noopener\"><img src=\"https:\/\/deezmusicalarm.files.wordpress.com\/2018\/10\/google-play-badge.png\" alt=\"google-play-badge\" class=\"wp-image-26\"\/><\/a><\/figure><\/div>\n","protected":false},"excerpt":{"rendered":"<p>Vous souhaitez vous r\u00e9veiller avec vos musiques pr\u00e9f\u00e9r\u00e9es ? Vous avez un compte Deezer et vous aimeriez vous r\u00e9veiller avec vos morceaux favoris ? H\u00e9las, pour l&rsquo;instant Deezer ne propose pas de fonction r\u00e9veil&#8230; Mais Deez&rsquo;s Music Alarm existe ! \ud83c\udf05R\u00c9VEILLEZ-VOUS SELON VOTRE PROPRE PROGRAMMEDeez&rsquo;s Music Alarm est une application de r\u00e9veil unique qui joue [&hellip;]<\/p>\n","protected":false},"author":1,"featured_media":0,"parent":0,"menu_order":0,"comment_status":"closed","ping_status":"open","template":"","meta":[],"_links":{"self":[{"href":"https:\/\/lovi-apps.com\/index.php\/wp-json\/wp\/v2\/pages\/2"}],"collection":[{"href":"https:\/\/lovi-apps.com\/index.php\/wp-json\/wp\/v2\/pages"}],"about":[{"href":"https:\/\/lovi-apps.com\/index.php\/wp-json\/wp\/v2\/types\/page"}],"author":[{"embeddable":true,"href":"https:\/\/lovi-apps.com\/index.php\/wp-json\/wp\/v2\/users\/1"}],"replies":[{"embeddable":true,"href":"https:\/\/lovi-apps.com\/index.php\/wp-json\/wp\/v2\/comments?post=2"}],"version-history":[{"count":1,"href":"https:\/\/lovi-apps.com\/index.php\/wp-json\/wp\/v2\/pages\/2\/revisions"}],"predecessor-version":[{"id":9,"href":"https:\/\/lovi-apps.com\/index.php\/wp-json\/wp\/v2\/pages\/2\/revisions\/9"}],"wp:attachment":[{"href":"https:\/\/lovi-apps.com\/index.php\/wp-json\/wp\/v2\/media?parent=2"}],"curies":[{"name":"wp","href":"https:\/\/api.w.org\/{rel}","templated":true}]}}